{"id":6,"date":"2026-02-07T17:39:45","date_gmt":"2026-02-07T17:39:45","guid":{"rendered":"http:\/\/entornosinteligentes.com\/?page_id=6"},"modified":"2026-03-21T14:14:43","modified_gmt":"2026-03-21T13:14:43","slug":"inicio","status":"publish","type":"page","link":"https:\/\/entornosinteligentes.com\/","title":{"rendered":"Inicio"},"content":{"rendered":"\n<div class=\"wp-block-cover is-light\" style=\"padding-top:var(--wp--preset--spacing--80);padding-right:0;padding-bottom:var(--wp--preset--spacing--80);padding-left:0\"><video class=\"wp-block-cover__video-background intrinsic-ignore\" autoplay muted loop playsinline src=\"http:\/\/entornosinteligentes.com\/wp-content\/uploads\/2026\/02\/853919-hd_1920_1080_25fps.mp4\" style=\"object-position:0% 50%\" data-object-fit=\"cover\" data-object-position=\"0% 50%\"><\/video><span aria-hidden=\"true\" class=\"wp-block-cover__background has-black-background-color has-background-dim\"><\/span><div class=\"wp-block-cover__inner-container is-layout-constrained wp-container-core-cover-is-layout-02ceef99 wp-block-cover-is-layout-constrained\">\n<h1 class=\"wp-block-heading has-text-align-center has-white-color has-text-color has-link-color wp-elements-86f1e1ff48d2e248c8f37e2dc35a79ee\">ENTORNOS INTELIGENTES\u00ae<\/h1>\n\n\n\n<p class=\"has-text-align-center has-large-font-size\">Inteligencia Artificial APLICADA<\/p>\n\n\n\n<h2 class=\"wp-block-heading has-text-align-center has-vivid-green-cyan-color has-text-color has-link-color wp-elements-7b90308e834eb6d1ab9c0a67fa292790\">Donde la IA y la dom\u00f3tica interact\u00faan con la realidad<\/h2>\n\n\n\n<figure class=\"wp-block-image aligncenter size-full borrar-negro\"><img loading=\"lazy\" decoding=\"async\" width=\"512\" height=\"512\" src=\"http:\/\/entornosinteligentes.com\/wp-content\/uploads\/2026\/02\/cropped-Logo_2_svg-scaled-1.png\" alt=\"\" class=\"wp-image-68\" srcset=\"https:\/\/entornosinteligentes.com\/wp-content\/uploads\/2026\/02\/cropped-Logo_2_svg-scaled-1.png 512w, https:\/\/entornosinteligentes.com\/wp-content\/uploads\/2026\/02\/cropped-Logo_2_svg-scaled-1-300x300.png 300w, https:\/\/entornosinteligentes.com\/wp-content\/uploads\/2026\/02\/cropped-Logo_2_svg-scaled-1-150x150.png 150w, https:\/\/entornosinteligentes.com\/wp-content\/uploads\/2026\/02\/cropped-Logo_2_svg-scaled-1-270x270.png 270w, https:\/\/entornosinteligentes.com\/wp-content\/uploads\/2026\/02\/cropped-Logo_2_svg-scaled-1-192x192.png 192w, https:\/\/entornosinteligentes.com\/wp-content\/uploads\/2026\/02\/cropped-Logo_2_svg-scaled-1-180x180.png 180w, https:\/\/entornosinteligentes.com\/wp-content\/uploads\/2026\/02\/cropped-Logo_2_svg-scaled-1-32x32.png 32w\" sizes=\"auto, (max-width: 512px) 100vw, 512px\" \/><\/figure>\n\n\n\n<p class=\"has-text-align-center has-medium-font-size\">Hacemos tangible el futuro que imagin\u00e1bamos en los 90<br><br>Aqu\u00ed la Inteligencia Artificial dispone de agencia para operar<br><br>Actuadores, sensores, interruptores, climatizaci\u00f3n y electrodom\u00e9sticos<br>Tu decides, ella act\u00faa<\/p>\n\n\n\n<div style=\"height:50px\" aria-hidden=\"true\" class=\"wp-block-spacer\"><\/div>\n\n\n\n<p class=\"has-text-align-center has-vivid-cyan-blue-color has-text-color has-link-color has-medium-font-size wp-elements-5dcd4c80c9a705c0c24984bf36b87fb2\">Ejecuci\u00f3n de proyectos de alta dom\u00f3tica + IA llave en mano<br>Estudios, empresas, constructoras y particulares<\/p>\n\n\n\n<div style=\"height:50px\" aria-hidden=\"true\" class=\"wp-block-spacer\"><\/div>\n\n\n\n<h2 class=\"wp-block-heading has-text-align-center has-ast-global-color-3-color has-text-color has-link-color has-medium-font-size wp-elements-cc62774fc89a4fb24bf1da27c009bcf3\">Cu\u00e1l es tu idea ? te ayudamos<br><\/h2>\n\n\n\n<p class=\"has-text-align-center has-vivid-green-cyan-color has-text-color has-link-color has-medium-font-size wp-elements-3d2e12d1425f5270706828ba7e424ef0\"><a href=\"mailto:hola@entornosinteligentes.com\">hola@entornosinteligentes.com<\/a><\/p>\n\n\n\n<div style=\"height:50px\" aria-hidden=\"true\" class=\"wp-block-spacer\"><\/div>\n\n\n\n<p class=\"has-text-align-center has-vivid-cyan-blue-color has-text-color has-link-color has-medium-font-size wp-elements-163c0b01a5bf301414782259c3108e8e\">Entornos funcionales con soberan\u00eda local <\/p>\n\n\n\n<div class=\"wp-block-group is-vertical is-content-justification-center is-layout-flex wp-container-core-group-is-layout-ce155fab wp-block-group-is-layout-flex\">\n<div data-wp-context=\"{ &quot;autoclose&quot;: false, &quot;accordionItems&quot;: [] }\" data-wp-interactive=\"core\/accordion\" role=\"group\" class=\"wp-block-accordion has-luminous-vivid-orange-color has-text-color has-link-color wp-elements-ee22307d3fe352aea7fd6868487c8874 is-layout-flow wp-block-accordion-is-layout-flow\" style=\"padding-right:0;padding-left:0\">\n<div data-wp-class--is-open=\"state.isOpen\" data-wp-context=\"{ &quot;id&quot;: &quot;accordion-item-1&quot;, &quot;openByDefault&quot;: false }\" data-wp-init=\"callbacks.initAccordionItems\" data-wp-on-window--hashchange=\"callbacks.hashChange\" class=\"wp-block-accordion-item is-layout-flow wp-container-core-accordion-item-is-layout-24f59de2 wp-block-accordion-item-is-layout-flow\" style=\"margin-top:var(--wp--preset--spacing--40);margin-bottom:var(--wp--preset--spacing--40)\">\n<h3 class=\"wp-block-accordion-heading\"><button aria-expanded=\"false\" aria-controls=\"accordion-item-1-panel\" data-wp-bind--aria-expanded=\"state.isOpen\" data-wp-on--click=\"actions.toggle\" data-wp-on--keydown=\"actions.handleKeyDown\" id=\"accordion-item-1\" type=\"button\" class=\"wp-block-accordion-heading__toggle\" style=\"padding-top:0;padding-right:0;padding-bottom:0;padding-left:0\"><span class=\"wp-block-accordion-heading__toggle-icon\" aria-hidden=\"true\">+<\/span><span class=\"wp-block-accordion-heading__toggle-title\">Qu\u00e9 nos diferencia ?<\/span><\/button><\/h3>\n\n\n\n<div inert aria-labelledby=\"accordion-item-1\" data-wp-bind--inert=\"!state.isOpen\" id=\"accordion-item-1-panel\" role=\"region\" class=\"wp-block-accordion-panel is-layout-flow wp-block-accordion-panel-is-layout-flow\">\n<p class=\"has-luminous-vivid-orange-color has-text-color has-link-color wp-elements-a9284111ef0671018a1e09f518095efb\">SIN dependencia de internet.<\/p>\n\n\n\n<p class=\"has-luminous-vivid-orange-color has-text-color has-link-color wp-elements-88d2c9c08c3641343645b25ead93150d\">SIN latencia.<\/p>\n\n\n\n<p class=\"has-luminous-vivid-orange-color has-text-color has-link-color wp-elements-b9aa14cf05c71bec034a3cae5e85953c\">SIN cloud de terceros<\/p>\n\n\n\n<p class=\"has-luminous-vivid-orange-color has-text-color has-link-color wp-elements-0b8ed9afc32db87c5ff3628587fc1a79\">SIN wifi* (Matter over Thread)<\/p>\n\n\n\n<p class=\"has-luminous-vivid-orange-color has-text-color has-link-color wp-elements-487110396666d78d10f3812070c73e51\">SIN perder la posibilidad de gesti\u00f3n remota<\/p>\n\n\n\n<p class=\"has-luminous-vivid-orange-color has-text-color has-link-color wp-elements-d4e9ad16f77333b47e251f5bab1dde29\"><strong>(Local Mesh Thread + Matter + HA)<\/strong><\/p>\n<\/div>\n<\/div>\n<\/div>\n<\/div>\n<\/div><\/div>\n","protected":false},"excerpt":{"rendered":"","protected":false},"author":1,"featured_media":0,"parent":0,"menu_order":0,"comment_status":"closed","ping_status":"closed","template":"","meta":{"site-sidebar-layout":"default","site-content-layout":"","ast-site-content-layout":"full-width-container","site-content-style":"default","site-sidebar-style":"default","ast-global-header-display":"disabled","ast-banner-title-visibility":"","ast-main-header-display":"","ast-hfb-above-header-display":"","ast-hfb-below-header-display":"","ast-hfb-mobile-header-display":"","site-post-title":"disabled","ast-breadcrumbs-content":"","ast-featured-img":"","footer-sml-layout":"","ast-disable-related-posts":"","theme-transparent-header-meta":"","adv-header-id-meta":"","stick-header-meta":"","header-above-stick-meta":"","header-main-stick-meta":"","header-below-stick-meta":"","astra-migrate-meta-layouts":"default","ast-page-background-enabled":"default","ast-page-background-meta":{"desktop":{"background-color":"var(--ast-global-color-5)","background-image":"","background-repeat":"repeat","background-position":"center center","background-size":"auto","background-attachment":"scroll","background-type":"","background-media":"","overlay-type":"","overlay-color":"","overlay-opacity":"","overlay-gradient":""},"tablet":{"background-color":"","background-image":"","background-repeat":"repeat","background-position":"center center","background-size":"auto","background-attachment":"scroll","background-type":"","background-media":"","overlay-type":"","overlay-color":"","overlay-opacity":"","overlay-gradient":""},"mobile":{"background-color":"","background-image":"","background-repeat":"repeat","background-position":"center center","background-size":"auto","background-attachment":"scroll","background-type":"","background-media":"","overlay-type":"","overlay-color":"","overlay-opacity":"","overlay-gradient":""}},"ast-content-background-meta":{"desktop":{"background-color":"var(--ast-global-color-4)","background-image":"","background-repeat":"repeat","background-position":"center center","background-size":"auto","background-attachment":"scroll","background-type":"","background-media":"","overlay-type":"","overlay-color":"","overlay-opacity":"","overlay-gradient":""},"tablet":{"background-color":"var(--ast-global-color-4)","background-image":"","background-repeat":"repeat","background-position":"center center","background-size":"auto","background-attachment":"scroll","background-type":"","background-media":"","overlay-type":"","overlay-color":"","overlay-opacity":"","overlay-gradient":""},"mobile":{"background-color":"var(--ast-global-color-4)","background-image":"","background-repeat":"repeat","background-position":"center center","background-size":"auto","background-attachment":"scroll","background-type":"","background-media":"","overlay-type":"","overlay-color":"","overlay-opacity":"","overlay-gradient":""}},"footnotes":""},"class_list":["post-6","page","type-page","status-publish","hentry"],"_links":{"self":[{"href":"https:\/\/entornosinteligentes.com\/index.php?rest_route=\/wp\/v2\/pages\/6","targetHints":{"allow":["GET"]}}],"collection":[{"href":"https:\/\/entornosinteligentes.com\/index.php?rest_route=\/wp\/v2\/pages"}],"about":[{"href":"https:\/\/entornosinteligentes.com\/index.php?rest_route=\/wp\/v2\/types\/page"}],"author":[{"embeddable":true,"href":"https:\/\/entornosinteligentes.com\/index.php?rest_route=\/wp\/v2\/users\/1"}],"replies":[{"embeddable":true,"href":"https:\/\/entornosinteligentes.com\/index.php?rest_route=%2Fwp%2Fv2%2Fcomments&post=6"}],"version-history":[{"count":79,"href":"https:\/\/entornosinteligentes.com\/index.php?rest_route=\/wp\/v2\/pages\/6\/revisions"}],"predecessor-version":[{"id":173,"href":"https:\/\/entornosinteligentes.com\/index.php?rest_route=\/wp\/v2\/pages\/6\/revisions\/173"}],"wp:attachment":[{"href":"https:\/\/entornosinteligentes.com\/index.php?rest_route=%2Fwp%2Fv2%2Fmedia&parent=6"}],"curies":[{"name":"wp","href":"https:\/\/api.w.org\/{rel}","templated":true}]}}